{"id":16,"date":"2021-11-21T15:14:44","date_gmt":"2021-11-21T20:14:44","guid":{"rendered":"https:\/\/sapiensla.com\/portal\/contact\/"},"modified":"2025-02-14T17:36:49","modified_gmt":"2025-02-14T22:36:49","slug":"contacto","status":"publish","type":"page","link":"https:\/\/sapiensla.com\/portal\/contacto\/","title":{"rendered":"Contacto"},"content":{"rendered":"\t\t<div data-elementor-type=\"wp-page\" data-elementor-id=\"16\" class=\"elementor elementor-16\">\n\t\t\t\t\t\t<section class=\"elementor-section elementor-top-section elementor-element elementor-element-0e53ae8 elementor-section-full_width elementor-section-height-default elementor-section-height-default wpr-particle-no wpr-jarallax-no wpr-parallax-no wpr-sticky-section-no\" data-id=\"0e53ae8\" data-element_type=\"section\">\n\t\t\t\t\t\t<div class=\"elementor-container elementor-column-gap-default\">\n\t\t\t\t\t<div class=\"aux-parallax-section elementor-column elementor-col-100 elementor-top-column elementor-element elementor-element-bcd7343\" data-id=\"bcd7343\" data-element_type=\"column\">\n\t\t\t<div class=\"elementor-widget-wrap elementor-element-populated\">\n\t\t\t\t\t\t<div class=\"elementor-element elementor-element-03dafd9 elementor-widget elementor-widget-shortcode\" data-id=\"03dafd9\" data-element_type=\"widget\" data-widget_type=\"shortcode.default\">\n\t\t\t\t<div class=\"elementor-widget-container\">\n\t\t\t    \t\t<div class=\"elementor-shortcode\"><div id=\"slider_69e492b61a6ac\" class=\"slider_instance\" style=\"position: relative;\" data-options=\"{&quot;id&quot;:4,&quot;name&quot;:&quot;slider 68&quot;,&quot;instanceName&quot;:&quot;TEMPLATE - Video Gallery with Horizontal Thumbnails&quot;,&quot;date&quot;:&quot;2022-09-15 14:49:50&quot;,&quot;status&quot;:&quot;published&quot;,&quot;slides&quot;:[{&quot;src&quot;:&quot;https:\\\/\\\/sapiensla.com\\\/portal\\\/wp-content\\\/uploads\\\/2022\\\/09\\\/video-6.mp4&quot;,&quot;thumbSrc&quot;:&quot;https:\\\/\\\/sapiensla.com\\\/portal\\\/wp-content\\\/uploads\\\/transition-slider\\\/slider_4\\\/thumbnails\\\/video-gallery-slider-with-horizontal-thumbnails1-thumb.jpg&quot;,&quot;transitionEffect&quot;:&quot;line&quot;,&quot;transitionDuration&quot;:1700,&quot;urlTarget&quot;:&quot;_self&quot;,&quot;elements&quot;:[{&quot;type&quot;:&quot;heading&quot;,&quot;mode&quot;:&quot;content&quot;,&quot;content&quot;:&quot;Contacto&quot;,&quot;htmlTag&quot;:&quot;h2&quot;,&quot;fontSize&quot;:&quot;150px&quot;,&quot;fontWeight&quot;:&quot;normal&quot;,&quot;textColor&quot;:&quot;#FFFFFF&quot;,&quot;backgroundColor&quot;:&quot;#00000000&quot;,&quot;borderRadius&quot;:&quot;0&quot;,&quot;position&quot;:{&quot;x&quot;:&quot;center&quot;,&quot;y&quot;:&quot;center&quot;,&quot;offsetX&quot;:0,&quot;offsetY&quot;:0},&quot;typingAnimation&quot;:{&quot;speed&quot;:50,&quot;loop&quot;:false,&quot;loopDelay&quot;:750,&quot;cursor&quot;:true,&quot;startDelay&quot;:0,&quot;freezeAt&quot;:0,&quot;unfreezeAfter&quot;:0},&quot;startAnimation&quot;:{&quot;animation&quot;:&quot;fadeInUp&quot;,&quot;speed&quot;:500,&quot;delay&quot;:0},&quot;endAnimation&quot;:{&quot;animation&quot;:&quot;fadeOutUp&quot;,&quot;speed&quot;:500,&quot;delay&quot;:0},&quot;contentAnimationType&quot;:&quot;animating&quot;,&quot;color&quot;:&quot;#FFFFFF&quot;}],&quot;direction&quot;:&quot;left1&quot;}],&quot;initialSlide&quot;:0,&quot;hashNavigation&quot;:{&quot;enable&quot;:false},&quot;width&quot;:688,&quot;height&quot;:378,&quot;fullscreen&quot;:0,&quot;ratio&quot;:2,&quot;ratioTablet&quot;:2,&quot;ratioMobile&quot;:0.9,&quot;buttons&quot;:{&quot;pauseVisible&quot;:1,&quot;muteVisible&quot;:false,&quot;startVideoMuted&quot;:true},&quot;loading&quot;:{&quot;textColor&quot;:&quot;#eeb952&quot;,&quot;fadeEffect&quot;:1,&quot;color&quot;:&quot;#FFFFFF&quot;,&quot;style&quot;:&quot;style2&quot;,&quot;backgroundColor&quot;:&quot;#131313&quot;},&quot;autoplay&quot;:{&quot;enable&quot;:false,&quot;delay&quot;:3000,&quot;progress&quot;:false,&quot;pauseOnHover&quot;:false,&quot;reverseDirection&quot;:false},&quot;responsive&quot;:true,&quot;navigation&quot;:{&quot;style&quot;:&quot;effect1&quot;,&quot;enable&quot;:true,&quot;color&quot;:&quot;#E0E0E0&quot;},&quot;pagination&quot;:{&quot;enable&quot;:true,&quot;style&quot;:&quot;effect2&quot;,&quot;clickable&quot;:true,&quot;dynamicBullets&quot;:false},&quot;stopOnLastSlide&quot;:0,&quot;grabCursor&quot;:true,&quot;tabletSize&quot;:1024,&quot;mobileSize&quot;:768,&quot;keyboard&quot;:{&quot;enable&quot;:true},&quot;wheelNavigation&quot;:{&quot;enable&quot;:false,&quot;stopOnLast&quot;:false,&quot;interval&quot;:2000},&quot;lightbox&quot;:{&quot;backgroundColor&quot;:&quot;#000000F2&quot;,&quot;closeColor&quot;:&quot;#FFFFFF&quot;},&quot;lightboxMode&quot;:{&quot;enable&quot;:false,&quot;text&quot;:&quot;open in LIGHTBOX&quot;,&quot;fontColor&quot;:&quot;#6C6C6C&quot;,&quot;hoverColor&quot;:&quot;#333333&quot;,&quot;fontFamily&quot;:&quot;Arial&quot;,&quot;fontSize&quot;:20},&quot;resetVideos&quot;:false,&quot;thumbs&quot;:{&quot;enable&quot;:false,&quot;position&quot;:&quot;bottom&quot;,&quot;outsideSlider&quot;:true,&quot;spaceAround&quot;:3,&quot;spaceBetween&quot;:3,&quot;background&quot;:&quot;#000000&quot;,&quot;thumbWidth&quot;:120,&quot;centered&quot;:false,&quot;thumbHeight&quot;:&quot;60&quot;},&quot;layerWidth&quot;:1920,&quot;layerHeight&quot;:960,&quot;shadow&quot;:&quot;effect5&quot;,&quot;parallax&quot;:0.5,&quot;fullscreenTablet&quot;:0,&quot;fullscreenMobile&quot;:0,&quot;widthMobile&quot;:688,&quot;widthTablet&quot;:688,&quot;heightMobile&quot;:378,&quot;heightTablet&quot;:378,&quot;responsiveMobile&quot;:true,&quot;responsiveTablet&quot;:true,&quot;lightboxModeMobile&quot;:{&quot;enable&quot;:false,&quot;text&quot;:&quot;open in LIGHTBOX&quot;,&quot;fontColor&quot;:&quot;#6C6C6C&quot;,&quot;hoverColor&quot;:&quot;#333333&quot;,&quot;fontFamily&quot;:&quot;Arial&quot;,&quot;fontSize&quot;:20},&quot;lightboxModeTablet&quot;:{&quot;enable&quot;:false,&quot;text&quot;:&quot;open in LIGHTBOX&quot;,&quot;fontColor&quot;:&quot;#6C6C6C&quot;,&quot;hoverColor&quot;:&quot;#333333&quot;,&quot;fontFamily&quot;:&quot;Arial&quot;,&quot;fontSize&quot;:20},&quot;mode&quot;:&quot;webgl&quot;,&quot;showSlidesRandomOrder&quot;:false,&quot;preloadFirstSlide&quot;:false,&quot;forceResponsive&quot;:false,&quot;layerStarOnTransitionStart&quot;:false,&quot;videoAutoplay&quot;:true,&quot;rootFolder&quot;:&quot;https:\\\/\\\/sapiensla.com\\\/portal\\\/wp-content\\\/plugins\\\/transition-slider-lite\\\/&quot;}\"><\/div><\/div>\n\t\t\t\t<\/div>\n\t\t\t\t<\/div>\n\t\t\t\t\t<\/div>\n\t\t<\/div>\n\t\t\t\t\t<\/div>\n\t\t<\/section>\n\t\t\t\t<section class=\"elementor-section elementor-top-section elementor-element elementor-element-67f828f elementor-section-boxed elementor-section-height-default elementor-section-height-default wpr-particle-no wpr-jarallax-no wpr-parallax-no wpr-sticky-section-no\" data-id=\"67f828f\" data-element_type=\"section\" data-settings=\"{&quot;background_background&quot;:&quot;classic&quot;}\">\n\t\t\t\t\t\t<div class=\"elementor-container elementor-column-gap-default\">\n\t\t\t\t\t<div class=\"aux-parallax-section elementor-column elementor-col-100 elementor-top-column elementor-element elementor-element-c2e76a9\" data-id=\"c2e76a9\" data-element_type=\"column\">\n\t\t\t<div class=\"elementor-widget-wrap elementor-element-populated\">\n\t\t\t\t\t\t<section class=\"elementor-section elementor-inner-section elementor-element elementor-element-59cf71f elementor-reverse-mobile elementor-section-boxed elementor-section-height-default elementor-section-height-default wpr-particle-no wpr-jarallax-no wpr-parallax-no wpr-sticky-section-no\" data-id=\"59cf71f\" data-element_type=\"section\">\n\t\t\t\t\t\t<div class=\"elementor-container elementor-column-gap-default\">\n\t\t\t\t\t<div class=\"aux-parallax-section elementor-column elementor-col-50 elementor-inner-column elementor-element elementor-element-1128dd3\" data-id=\"1128dd3\" data-element_type=\"column\">\n\t\t\t<div class=\"elementor-widget-wrap elementor-element-populated\">\n\t\t\t\t\t\t<div class=\"elementor-element elementor-element-ecbe6a3 elementor-widget__width-auto elementor-widget elementor-widget-aux_modern_heading\" data-id=\"ecbe6a3\" data-element_type=\"widget\" data-widget_type=\"aux_modern_heading.default\">\n\t\t\t\t<div class=\"elementor-widget-container\">\n\t\t\t<section class=\"aux-widget-modern-heading\">\n            <div class=\"aux-widget-inner\"><h2 class=\"aux-modern-heading-primary\"><\/h2><h3 class=\"aux-modern-heading-secondary\"><span class=\"aux-head-before\">Estamos aqu\u00ed<br>para <\/span><span class=\"aux-head-highlight\">ayudarte<\/span><\/h3><div class=\"aux-modern-heading-divider\"><\/div><div class=\"aux-modern-heading-description\"><p>\u00bfNecesitas asesor\u00eda para la solicitar alguna de nuestras soluciones? Cont\u00e1ctanos a trav\u00e9s de nuestros canales te atenci\u00f3n o completa el formulario para que te contactemos.<\/p><\/div><\/div>\n        <\/section>\t\t<\/div>\n\t\t\t\t<\/div>\n\t\t\t\t<section class=\"elementor-section elementor-inner-section elementor-element elementor-element-e90ab62 elementor-section-boxed elementor-section-height-default elementor-section-height-default wpr-particle-no wpr-jarallax-no wpr-parallax-no wpr-sticky-section-no\" data-id=\"e90ab62\" data-element_type=\"section\">\n\t\t\t\t\t\t<div class=\"elementor-container elementor-column-gap-default\">\n\t\t\t\t\t<div class=\"aux-parallax-section elementor-column elementor-col-50 elementor-inner-column elementor-element elementor-element-9007cd2\" data-id=\"9007cd2\" data-element_type=\"column\">\n\t\t\t<div class=\"elementor-widget-wrap elementor-element-populated\">\n\t\t\t\t\t\t<div class=\"elementor-element elementor-element-6726fa3 elementor-widget__width-auto elementor-icon-list--layout-traditional elementor-list-item-link-full_width elementor-widget elementor-widget-icon-list\" data-id=\"6726fa3\" data-element_type=\"widget\" data-widget_type=\"icon-list.default\">\n\t\t\t\t<div class=\"elementor-widget-container\">\n\t\t\t\t\t<ul class=\"elementor-icon-list-items\">\n\t\t\t\t\t\t\t<li class=\"elementor-icon-list-item\">\n\t\t\t\t\t\t\t\t\t\t\t<span class=\"elementor-icon-list-icon\">\n\t\t\t\t\t\t\t<i aria-hidden=\"true\" class=\"auxicon auxicon-mail-3\"><\/i>\t\t\t\t\t\t<\/span>\n\t\t\t\t\t\t\t\t\t\t<span class=\"elementor-icon-list-text\">areacomercial@sapiensla.com<br>info@sapiensla.com <\/span>\n\t\t\t\t\t\t\t\t\t<\/li>\n\t\t\t\t\t\t\t\t<li class=\"elementor-icon-list-item\">\n\t\t\t\t\t\t\t\t\t\t\t<span class=\"elementor-icon-list-icon\">\n\t\t\t\t\t\t\t<i aria-hidden=\"true\" class=\"fas fa-phone-alt\"><\/i>\t\t\t\t\t\t<\/span>\n\t\t\t\t\t\t\t\t\t\t<span class=\"elementor-icon-list-text\">+506 22692159 <br>+506 85639767 <\/span>\n\t\t\t\t\t\t\t\t\t<\/li>\n\t\t\t\t\t\t\t\t<li class=\"elementor-icon-list-item\">\n\t\t\t\t\t\t\t\t\t\t\t<span class=\"elementor-icon-list-icon\">\n\t\t\t\t\t\t\t<i aria-hidden=\"true\" class=\"auxicon auxicon-map-1\"><\/i>\t\t\t\t\t\t<\/span>\n\t\t\t\t\t\t\t\t\t\t<span class=\"elementor-icon-list-text\">San Bosco de Santa Barbara de Heredia, Calle Lajas, Urb. La Suiza de Occidente, 4 km Oeste del Comercial El Mercadito.<\/span>\n\t\t\t\t\t\t\t\t\t<\/li>\n\t\t\t\t\t\t<\/ul>\n\t\t\t\t<\/div>\n\t\t\t\t<\/div>\n\t\t\t\t\t<\/div>\n\t\t<\/div>\n\t\t\t\t<div class=\"aux-parallax-section elementor-column elementor-col-50 elementor-inner-column elementor-element elementor-element-f7aa1a0\" data-id=\"f7aa1a0\" data-element_type=\"column\">\n\t\t\t<div class=\"elementor-widget-wrap elementor-element-populated\">\n\t\t\t\t\t\t<div class=\"elementor-element elementor-element-4dfdd1b elementor-widget__width-auto elementor-align-right elementor-icon-list--layout-traditional elementor-list-item-link-full_width elementor-widget elementor-widget-icon-list\" data-id=\"4dfdd1b\" data-element_type=\"widget\" data-widget_type=\"icon-list.default\">\n\t\t\t\t<div class=\"elementor-widget-container\">\n\t\t\t\t\t<ul class=\"elementor-icon-list-items\">\n\t\t\t\t\t\t\t<li class=\"elementor-icon-list-item\">\n\t\t\t\t\t\t\t\t\t\t\t<a href=\"http:\/\/www.instagram.com\/sapinnovala?igsh=NDQ4YjJwdnM0OG55\">\n\n\t\t\t\t\t\t\t\t\t\t\t\t<span class=\"elementor-icon-list-icon\">\n\t\t\t\t\t\t\t<i aria-hidden=\"true\" class=\"fab fa-instagram\"><\/i>\t\t\t\t\t\t<\/span>\n\t\t\t\t\t\t\t\t\t\t<span class=\"elementor-icon-list-text\"><\/span>\n\t\t\t\t\t\t\t\t\t\t\t<\/a>\n\t\t\t\t\t\t\t\t\t<\/li>\n\t\t\t\t\t\t\t\t<li class=\"elementor-icon-list-item\">\n\t\t\t\t\t\t\t\t\t\t\t<a href=\"http:\/\/www.facebook.com\/share\/1Dn9L74e2c\/?mibextid=LQQJ4d\">\n\n\t\t\t\t\t\t\t\t\t\t\t\t<span class=\"elementor-icon-list-icon\">\n\t\t\t\t\t\t\t<i aria-hidden=\"true\" class=\"fab fa-facebook-f\"><\/i>\t\t\t\t\t\t<\/span>\n\t\t\t\t\t\t\t\t\t\t<span class=\"elementor-icon-list-text\"><\/span>\n\t\t\t\t\t\t\t\t\t\t\t<\/a>\n\t\t\t\t\t\t\t\t\t<\/li>\n\t\t\t\t\t\t\t\t<li class=\"elementor-icon-list-item\">\n\t\t\t\t\t\t\t\t\t\t\t<a href=\"http:\/\/www.linkedin.com\/company\/sapiens-innovation-s-a\/\">\n\n\t\t\t\t\t\t\t\t\t\t\t\t<span class=\"elementor-icon-list-icon\">\n\t\t\t\t\t\t\t<i aria-hidden=\"true\" class=\"fab fa-linkedin-in\"><\/i>\t\t\t\t\t\t<\/span>\n\t\t\t\t\t\t\t\t\t\t<span class=\"elementor-icon-list-text\"><\/span>\n\t\t\t\t\t\t\t\t\t\t\t<\/a>\n\t\t\t\t\t\t\t\t\t<\/li>\n\t\t\t\t\t\t<\/ul>\n\t\t\t\t<\/div>\n\t\t\t\t<\/div>\n\t\t\t\t\t<\/div>\n\t\t<\/div>\n\t\t\t\t\t<\/div>\n\t\t<\/section>\n\t\t\t\t<div class=\"elementor-element elementor-element-39fe230 elementor-widget elementor-widget-google_maps\" data-id=\"39fe230\" data-element_type=\"widget\" data-widget_type=\"google_maps.default\">\n\t\t\t\t<div class=\"elementor-widget-container\">\n\t\t\t\t\t<div class=\"elementor-custom-embed\">\n\t\t\t<iframe loading=\"lazy\"\n\t\t\t\t\tsrc=\"https:\/\/maps.google.com\/maps?q=San%20Bosco%20de%20Santa%20Barbara%20de%20Heredia%2C%20Calle%20Lajas%2C%20Urb.%20La%20Suiza%20de%20Occidente%2C&#038;t=m&#038;z=14&#038;output=embed&#038;iwloc=near\"\n\t\t\t\t\ttitle=\"San Bosco de Santa Barbara de Heredia, Calle Lajas, Urb. La Suiza de Occidente,\"\n\t\t\t\t\taria-label=\"San Bosco de Santa Barbara de Heredia, Calle Lajas, Urb. La Suiza de Occidente,\"\n\t\t\t><\/iframe>\n\t\t<\/div>\n\t\t\t\t<\/div>\n\t\t\t\t<\/div>\n\t\t\t\t\t<\/div>\n\t\t<\/div>\n\t\t\t\t<div class=\"aux-parallax-section elementor-column elementor-col-50 elementor-inner-column elementor-element elementor-element-a389ae0\" data-id=\"a389ae0\" data-element_type=\"column\">\n\t\t\t<div class=\"elementor-widget-wrap elementor-element-populated\">\n\t\t\t\t\t\t<div class=\"elementor-element elementor-element-1506722 elementor-widget elementor-widget-heading\" data-id=\"1506722\" data-element_type=\"widget\" data-widget_type=\"heading.default\">\n\t\t\t\t<div class=\"elementor-widget-container\">\n\t\t\t<h4 class=\"elementor-heading-title elementor-size-default\">Contacto<\/h4>\t\t<\/div>\n\t\t\t\t<\/div>\n\t\t\t\t<div class=\"elementor-element elementor-element-daf237d elementor-widget elementor-widget-shortcode\" data-id=\"daf237d\" data-element_type=\"widget\" data-widget_type=\"shortcode.default\">\n\t\t\t\t<div class=\"elementor-widget-container\">\n\t\t\t\t\t<div class=\"elementor-shortcode\"><div class=\"wpforms-container \" id=\"wpforms-7\"><form id=\"wpforms-form-7\" class=\"wpforms-validate wpforms-form\" data-formid=\"7\" method=\"post\" enctype=\"multipart\/form-data\" action=\"\/portal\/wp-json\/wp\/v2\/pages\/16\" data-token=\"48f1ca379cf60fa5a687a498a1333fa5\" data-token-time=\"1776587446\"><noscript class=\"wpforms-error-noscript\">Por favor, activa JavaScript en tu navegador para completar este formulario.<\/noscript><div class=\"wpforms-field-container\"><div id=\"wpforms-7-field_0-container\" class=\"wpforms-field wpforms-field-name\" data-field-id=\"0\"><label class=\"wpforms-field-label wpforms-label-hide\" for=\"wpforms-7-field_0\">Nombre y Apellido <span class=\"wpforms-required-label\">*<\/span><\/label><div class=\"wpforms-field-row wpforms-field-large\"><div class=\"wpforms-field-row-block wpforms-first wpforms-one-half\"><input type=\"text\" id=\"wpforms-7-field_0\" class=\"wpforms-field-name-first wpforms-field-required\" name=\"wpforms[fields][0][first]\" placeholder=\"Nombre\" required><label for=\"wpforms-7-field_0\" class=\"wpforms-field-sublabel after wpforms-sublabel-hide\">Nombre<\/label><\/div><div class=\"wpforms-field-row-block wpforms-one-half\"><input type=\"text\" id=\"wpforms-7-field_0-last\" class=\"wpforms-field-name-last wpforms-field-required\" name=\"wpforms[fields][0][last]\" placeholder=\"Apellido\" required><label for=\"wpforms-7-field_0-last\" class=\"wpforms-field-sublabel after wpforms-sublabel-hide\">Apellidos<\/label><\/div><\/div><\/div><div id=\"wpforms-7-field_4-container\" class=\"wpforms-field wpforms-field-number\" data-field-id=\"4\"><label class=\"wpforms-field-label wpforms-label-hide\" for=\"wpforms-7-field_4\">N\u00fameros <span class=\"wpforms-required-label\">*<\/span><\/label><input type=\"number\" id=\"wpforms-7-field_4\" class=\"wpforms-field-large wpforms-field-required\" name=\"wpforms[fields][4]\" placeholder=\"N\u00famero de tel\u00e9fono \" required><\/div><div id=\"wpforms-7-field_1-container\" class=\"wpforms-field wpforms-field-email\" data-field-id=\"1\"><label class=\"wpforms-field-label wpforms-label-hide\" for=\"wpforms-7-field_1\">Correo Electr\u00f3nico <span class=\"wpforms-required-label\">*<\/span><\/label><input type=\"email\" id=\"wpforms-7-field_1\" class=\"wpforms-field-large wpforms-field-required\" name=\"wpforms[fields][1]\" placeholder=\"Correo Electr\u00f3nico \" spellcheck=\"false\" required><\/div><div id=\"wpforms-7-field_5-container\" class=\"wpforms-field wpforms-field-text\" data-field-id=\"5\"><label class=\"wpforms-field-label wpforms-label-hide\" for=\"wpforms-7-field_5\">Nombre de la empresa<\/label><input type=\"text\" id=\"wpforms-7-field_5\" class=\"wpforms-field-large\" name=\"wpforms[fields][5]\" placeholder=\"Nombre de la empresa\" ><\/div><div id=\"wpforms-7-field_6-container\" class=\"wpforms-field wpforms-field-text\" data-field-id=\"6\"><label class=\"wpforms-field-label wpforms-label-hide\" for=\"wpforms-7-field_6\">Sector industrial<\/label><input type=\"text\" id=\"wpforms-7-field_6\" class=\"wpforms-field-large\" name=\"wpforms[fields][6]\" placeholder=\"Sector industrial\" ><\/div><div id=\"wpforms-7-field_3-container\" class=\"wpforms-field wpforms-field-text\" data-field-id=\"3\"><label class=\"wpforms-field-label wpforms-label-hide\" for=\"wpforms-7-field_3\">Asunto <span class=\"wpforms-required-label\">*<\/span><\/label><input type=\"text\" id=\"wpforms-7-field_3\" class=\"wpforms-field-large wpforms-field-required\" name=\"wpforms[fields][3]\" placeholder=\"Asunto\" required><\/div><div id=\"wpforms-7-field_2-container\" class=\"wpforms-field wpforms-field-textarea\" data-field-id=\"2\"><label class=\"wpforms-field-label wpforms-label-hide\" for=\"wpforms-7-field_2\">Mensaje  <span class=\"wpforms-required-label\">*<\/span><\/label><textarea id=\"wpforms-7-field_2\" class=\"wpforms-field-medium wpforms-field-required\" name=\"wpforms[fields][2]\" placeholder=\"Mensaje\" required><\/textarea><\/div><\/div><!-- .wpforms-field-container --><div class=\"wpforms-field wpforms-field-hp\"><label for=\"wpforms-7-field-hp\" class=\"wpforms-field-label\">Message<\/label><input type=\"text\" name=\"wpforms[hp]\" id=\"wpforms-7-field-hp\" class=\"wpforms-field-medium\"><\/div><div class=\"wpforms-recaptcha-container wpforms-is-recaptcha wpforms-is-recaptcha-type-v2\" ><div class=\"g-recaptcha\" data-sitekey=\"6Lduk_MhAAAAADwhsf4pxI2spYs2RCN3xxD7UzNP\"><\/div><input type=\"text\" name=\"g-recaptcha-hidden\" class=\"wpforms-recaptcha-hidden\" style=\"position:absolute!important;clip:rect(0,0,0,0)!important;height:1px!important;width:1px!important;border:0!important;overflow:hidden!important;padding:0!important;margin:0!important;\" data-rule-recaptcha=\"1\"><\/div><div class=\"wpforms-submit-container\" ><input type=\"hidden\" name=\"wpforms[id]\" value=\"7\"><input type=\"hidden\" name=\"page_title\" value=\"\"><input type=\"hidden\" name=\"page_url\" value=\"https:\/\/sapiensla.com\/portal\/wp-json\/wp\/v2\/pages\/16\"><button type=\"submit\" name=\"wpforms[submit]\" id=\"wpforms-submit-7\" class=\"wpforms-submit\" data-alt-text=\"Enviando...\" data-submit-text=\"Enviar\" aria-live=\"assertive\" value=\"wpforms-submit\">Enviar<\/button><\/div><\/form><\/div>  <!-- .wpforms-container --><\/div>\n\t\t\t\t<\/div>\n\t\t\t\t<\/div>\n\t\t\t\t\t<\/div>\n\t\t<\/div>\n\t\t\t\t\t<\/div>\n\t\t<\/section>\n\t\t\t\t\t<\/div>\n\t\t<\/div>\n\t\t\t\t\t<\/div>\n\t\t<\/section>\n\t\t\t\t<section class=\"elementor-section elementor-top-section elementor-element elementor-element-c9ae5de elementor-section-boxed elementor-section-height-default elementor-section-height-default wpr-particle-no wpr-jarallax-no wpr-parallax-no wpr-sticky-section-no\" data-id=\"c9ae5de\" data-element_type=\"section\">\n\t\t\t\t\t\t<div class=\"elementor-container elementor-column-gap-default\">\n\t\t\t\t\t<div class=\"aux-parallax-section elementor-column elementor-col-100 elementor-top-column elementor-element elementor-element-00813bb\" data-id=\"00813bb\" data-element_type=\"column\">\n\t\t\t<div class=\"elementor-widget-wrap elementor-element-populated\">\n\t\t\t\t\t\t<div class=\"elementor-element elementor-element-9b19693 elementor-widget elementor-widget-spacer\" data-id=\"9b19693\" data-element_type=\"widget\" data-widget_type=\"spacer.default\">\n\t\t\t\t<div class=\"elementor-widget-container\">\n\t\t\t\t\t<div class=\"elementor-spacer\">\n\t\t\t<div class=\"elementor-spacer-inner\"><\/div>\n\t\t<\/div>\n\t\t\t\t<\/div>\n\t\t\t\t<\/div>\n\t\t\t\t\t<\/div>\n\t\t<\/div>\n\t\t\t\t\t<\/div>\n\t\t<\/section>\n\t\t\t\t<\/div>\n\t\t","protected":false},"excerpt":{"rendered":"<p>Estamos aqu\u00edpara ayudarte \u00bfNecesitas asesor\u00eda para la solicitar alguna de nuestras soluciones? Cont\u00e1ctanos a trav\u00e9s de nuestros canales te atenci\u00f3n o completa el formulario para que te contactemos. areacomercial@sapiensla.cominfo@sapiensla.com +506 22692159 +506 85639767 San Bosco de Santa Barbara de Heredia, Calle Lajas, Urb. La Suiza de Occidente, 4 km Oeste del Comercial El Mercadito. Contacto<\/p>\n","protected":false},"author":2,"featured_media":0,"parent":0,"menu_order":0,"comment_status":"closed","ping_status":"closed","template":"","meta":{"footnotes":""},"class_list":["post-16","page","type-page","status-publish","hentry"],"_links":{"self":[{"href":"https:\/\/sapiensla.com\/portal\/wp-json\/wp\/v2\/pages\/16","targetHints":{"allow":["GET"]}}],"collection":[{"href":"https:\/\/sapiensla.com\/portal\/wp-json\/wp\/v2\/pages"}],"about":[{"href":"https:\/\/sapiensla.com\/portal\/wp-json\/wp\/v2\/types\/page"}],"author":[{"embeddable":true,"href":"https:\/\/sapiensla.com\/portal\/wp-json\/wp\/v2\/users\/2"}],"replies":[{"embeddable":true,"href":"https:\/\/sapiensla.com\/portal\/wp-json\/wp\/v2\/comments?post=16"}],"version-history":[{"count":95,"href":"https:\/\/sapiensla.com\/portal\/wp-json\/wp\/v2\/pages\/16\/revisions"}],"predecessor-version":[{"id":2678,"href":"https:\/\/sapiensla.com\/portal\/wp-json\/wp\/v2\/pages\/16\/revisions\/2678"}],"wp:attachment":[{"href":"https:\/\/sapiensla.com\/portal\/wp-json\/wp\/v2\/media?parent=16"}],"curies":[{"name":"wp","href":"https:\/\/api.w.org\/{rel}","templated":true}]}}